{"id":80,"date":"2025-05-16T17:04:25","date_gmt":"2025-05-16T17:04:25","guid":{"rendered":"https:\/\/vickymercier.com\/?page_id=80"},"modified":"2025-09-01T17:27:19","modified_gmt":"2025-09-01T17:27:19","slug":"accueil","status":"publish","type":"page","link":"https:\/\/vickymercier.com\/","title":{"rendered":"Accueil"},"content":{"rendered":"\t\t<div data-elementor-type=\"wp-page\" data-elementor-id=\"80\" class=\"elementor elementor-80\">\n\t\t\t\t<div class=\"elementor-element elementor-element-1014fdeb e-flex e-con-boxed e-con e-parent\" data-id=\"1014fdeb\" data-element_type=\"container\" data-e-type=\"container\">\n\t\t\t\t\t<div class=\"e-con-inner\">\n\t\t\t\t<div class=\"elementor-element elementor-element-684494f9 elementor-widget elementor-widget-text-editor\" data-id=\"684494f9\" data-element_type=\"widget\" data-e-type=\"widget\" data-widget_type=\"text-editor.default\">\n\t\t\t\t<div class=\"elementor-widget-container\">\n\t\t\t\t\t\t\t\t\t<p><\/p>\n<div class=\"wp-block-group alignfull has-global-padding is-layout-constrained wp-container-core-group-is-layout-e555385e wp-block-group-is-layout-constrained\">\n<p><\/p>\n<div class=\"wp-block-group alignfull has-base-3-light-background-color has-background has-global-padding is-layout-constrained wp-block-group-is-layout-constrained\" style=\"padding-top: 6rem; padding-bottom: 8rem;\">\n<p><\/p>\n<div class=\"wp-block-group has-global-padding is-layout-constrained wp-block-group-is-layout-constrained\">\n<p><\/p>\n<h6 class=\"wp-block-heading has-text-align-left\" style=\"font-size: 2.5rem; letter-spacing: 1px;\">Site en r\u00e9novation &#8230; <br \/>\u00e0 votre service, bient\u00f4t<\/h6>\n<p><\/p>\n<div class=\"wp-block-columns is-layout-flex wp-container-core-columns-is-layout-28f84493 wp-block-columns-is-layout-flex\">\n<p><\/p>\n<div class=\"wp-block-column is-layout-flow wp-block-column-is-layout-flow\">\n<p><\/p>\n<div class=\"wp-block-columns is-layout-flex wp-container-core-columns-is-layout-28f84493 wp-block-columns-is-layout-flex\">\n<p><\/p>\n<div class=\"wp-block-column is-layout-flow wp-block-column-is-layout-flow\">\n<p><\/p>\n<p><\/p>\n<\/div>\n<p><\/p>\n<div class=\"wp-block-column is-layout-flow wp-block-column-is-layout-flow\">\u00a0<\/div>\n<p><\/p>\n<\/div>\n<p><\/p>\n<\/div>\n<p><\/p>\n<div class=\"wp-block-column is-layout-flow wp-block-column-is-layout-flow\">\u00a0<\/div>\n<p><\/p>\n<\/div>\n<p><\/p>\n<div class=\"wp-block-columns alignfull are-vertically-aligned-top is-layout-flex wp-container-core-columns-is-layout-28f84493 wp-block-columns-is-layout-flex\">\n<p><\/p>\n<div class=\"wp-block-column is-vertically-aligned-top is-layout-flow wp-block-column-is-layout-flow\" style=\"flex-basis: 100%;\">\n<p><\/p>\n<figure class=\"wp-block-image size-large\"><img fetchpriority=\"high\" decoding=\"async\" width=\"1024\" height=\"439\" class=\"wp-image-146\" src=\"https:\/\/vickymercier.com\/wp-content\/uploads\/2025\/09\/IDI_FR_Badge_Wide_1-1024x439.png\" alt=\"\" srcset=\"https:\/\/vickymercier.com\/wp-content\/uploads\/2025\/09\/IDI_FR_Badge_Wide_1-1024x439.png 1024w, https:\/\/vickymercier.com\/wp-content\/uploads\/2025\/09\/IDI_FR_Badge_Wide_1-300x129.png 300w, https:\/\/vickymercier.com\/wp-content\/uploads\/2025\/09\/IDI_FR_Badge_Wide_1-768x329.png 768w, https:\/\/vickymercier.com\/wp-content\/uploads\/2025\/09\/IDI_FR_Badge_Wide_1.png 1458w\" sizes=\"(max-width: 1024px) 100vw, 1024px\" \/><\/figure>\n<p><\/p>\n<\/div>\n<p><\/p>\n<\/div>\n<p><\/p>\n<\/div>\n<p><\/p>\n<\/div>\n<p><\/p>\n<div class=\"wp-block-group alignfull has-base-3-light-background-color has-background has-global-padding is-layout-constrained wp-block-group-is-layout-constrained\" style=\"padding-top: 8rem; padding-bottom: 10rem;\">\n<p><\/p>\n<div class=\"wp-block-group alignwide is-content-justification-center is-layout-flex wp-container-core-group-is-layout-d76b23d8 wp-block-group-is-layout-flex\">\n<p><\/p>\n<figure class=\"wp-block-image size-full is-resized is-style-rounded\"><img decoding=\"async\" width=\"800\" height=\"800\" class=\"wp-image-49\" style=\"box-shadow: var(--wp--preset--shadow--close); width: 392px; height: auto;\" src=\"https:\/\/vickymercier.com\/wp-content\/uploads\/2025\/01\/Vicky-Mercier-2024.jpg\" alt=\"\" srcset=\"https:\/\/vickymercier.com\/wp-content\/uploads\/2025\/01\/Vicky-Mercier-2024.jpg 800w, https:\/\/vickymercier.com\/wp-content\/uploads\/2025\/01\/Vicky-Mercier-2024-300x300.jpg 300w, https:\/\/vickymercier.com\/wp-content\/uploads\/2025\/01\/Vicky-Mercier-2024-150x150.jpg 150w, https:\/\/vickymercier.com\/wp-content\/uploads\/2025\/01\/Vicky-Mercier-2024-768x768.jpg 768w\" sizes=\"(max-width: 800px) 100vw, 800px\" \/><\/figure>\n<p><\/p>\n<div class=\"wp-block-group wp-container-content-9cfa9a5a has-global-padding is-layout-constrained wp-block-group-is-layout-constrained\">\n<p><\/p>\n<h2 class=\"wp-block-heading\">\u00c0 propos de Vicky Mercier<\/h2>\n<p><\/p>\n<p class=\"has-text-align-left\">Cr\u00e9ative et form\u00e9e en psychologie, je me passionne pour l&rsquo;humain, son \u00e9volution et son bien-\u00eatre depuis plus de 20 ans. \u00c0 l&rsquo;\u00e9coute de vos besoins, je propose des solutions cr\u00e9atives pour remettre du sens dans votre quotidien et faire de vos milieux de vie des espaces inspirants.<\/p>\n<p>J&rsquo;ai choisi de devenir d\u00e9coratrice d&rsquo;int\u00e9rieur pour honorer ma fibre artistique et vous accompagner afin de cr\u00e9er un univers int\u00e9rieur qui vous ressemble. Je m&rsquo;assure d&rsquo;y ajouter votre touche unique et distinctive.<\/p>\n<p>Au plaisir de collaborer \u00e0 vivifier et harmoniser votre int\u00e9rieur !<\/p>\n<p><\/p>\n<div class=\"wp-block-buttons is-content-justification-center is-layout-flex wp-container-core-buttons-is-layout-0407d565 wp-block-buttons-is-layout-flex\" style=\"margin-top: 4rem;\">\n<p><\/p>\n<div class=\"wp-block-button\"><a class=\"wp-block-button__link wp-element-button\" href=\"mailto:info@vickymercier.com\">Me contacter<\/a><\/div>\n<p><\/p>\n<\/div>\n<p><\/p>\n<\/div>\n<p><\/p>\n<\/div>\n<p><\/p>\n<\/div>\n<p><\/p>\n<div class=\"wp-block-cover alignfull is-light has-parallax\" style=\"min-height: 600px;aspect-ratio:unset;\">\n<div class=\"wp-block-cover__image-background wp-image-147 size-large has-parallax\" style=\"background-position: 50% 50%; background-image: url('https:\/\/vickymercier.com\/wp-content\/uploads\/2025\/09\/IDI_FR_Badge_Wide_3-1024x439.png');\">\u00a0<\/div>\n<div class=\"wp-block-cover__inner-container has-global-padding is-layout-constrained wp-block-cover-is-layout-constrained\">\n<p><\/p>\n<div class=\"wp-block-group alignwide has-global-padding is-content-justification-center is-layout-constrained wp-block-group-is-layout-constrained\">\n<p><\/p>\n<figure class=\"wp-block-pullquote has-border-color has-decorative-2-border-color has-contrast-color has-base-background-color has-text-color has-background has-link-color wp-elements-05f49e70e2dd3387eedccb7baeb8a2ff\" style=\"border-width: 2px; padding: 4rem 2rem 3rem 2rem;\">\n<blockquote>\n<p>\u00ab\u00a0La joie indique le chemin.\u00a0\u00bb<\/p>\n<p><cite>Vicky Mercier<\/cite><\/p>\n<\/blockquote>\n<\/figure>\n<p><\/p>\n<\/div>\n<p><\/p>\n<\/div>\n<\/div>\n<p><\/p>\n<div class=\"wp-block-group alignfull has-base-3-background-color has-background has-global-padding is-layout-constrained wp-block-group-is-layout-constrained\" style=\"padding-top: 4rem; padding-bottom: 8rem;\">\n<p><\/p>\n<div class=\"wp-block-group has-global-padding is-layout-constrained wp-block-group-is-layout-constrained\" style=\"padding-top: 2rem; padding-bottom: 2rem;\"><\/div>\n<div class=\"wp-block-group alignwide\">\n<div class=\"wp-block-group has-base-background-color has-background\" style=\"box-shadow: var(--wp--preset--shadow--close); padding: 2rem var(--wp--preset--spacing--50) 2rem var(--wp--preset--spacing--50);\">\n<div class=\"wp-block-buttons\" style=\"margin-top: 4rem;\">\n<div class=\"wp-block-button\">\u00a0<\/div>\n<p><\/p>\n<\/div>\n<p><\/p>\n<\/div>\n<p><\/p>\n<\/div>\n<p><\/p>\n<\/div>\n<p><!-- \/wp:group --><!-- wp:group {\"align\":\"full\",\"style\":{\"spacing\":{\"padding\":{\"bottom\":\"8rem\",\"top\":\"8rem\"},\"blockGap\":\"4.5rem\"}},\"backgroundColor\":\"base-3\",\"layout\":{\"type\":\"constrained\"}} --><\/p>\n<div class=\"wp-block-group alignfull has-base-3-background-color has-background\" style=\"padding-top: 8rem; padding-bottom: 8rem;\">\n<p><!-- wp:group {\"align\":\"wide\",\"style\":{\"spacing\":{\"padding\":{\"top\":\"3rem\",\"right\":\"1rem\",\"bottom\":\"4rem\",\"left\":\"1rem\"},\"blockGap\":\"3rem\"},\"shadow\":\"var:preset|shadow|close\"},\"backgroundColor\":\"base-3-light\",\"layout\":{\"type\":\"constrained\"}} --><\/p>\n<div class=\"wp-block-group alignwide has-base-3-light-background-color has-background\" style=\"box-shadow: var(--wp--preset--shadow--close); padding: 3rem 1rem 4rem 1rem;\">\n<p><!-- wp:heading {\"textAlign\":\"center\"} --><\/p>\n<h2 class=\"wp-block-heading has-text-align-center\">Contactez-moi<\/h2>\n<p><!-- \/wp:heading --><!-- wp:group {\"align\":\"wide\",\"style\":{\"spacing\":{\"blockGap\":\"4rem\"}},\"layout\":{\"type\":\"flex\",\"flexWrap\":\"wrap\",\"justifyContent\":\"center\"}} --><\/p>\n<div class=\"wp-block-group alignwide\">\n<p><!-- wp:group {\"style\":{\"spacing\":{\"blockGap\":\"0.6rem\",\"padding\":{\"top\":\"2rem\",\"bottom\":\"2rem\",\"left\":\"3rem\",\"right\":\"3rem\"}},\"shadow\":\"var:preset|shadow|close\"},\"backgroundColor\":\"base\",\"layout\":{\"type\":\"constrained\"}} --><\/p>\n<div class=\"wp-block-group has-base-background-color has-background\" style=\"box-shadow: var(--wp--preset--shadow--close); padding: 2rem 3rem 2rem 3rem;\">\n<p><!-- wp:heading {\"level\":3,\"style\":{\"typography\":{\"fontSize\":\"1.4rem\"}}} --><\/p>\n<p style=\"font-size: 1.4rem;\"><span style=\"font-size: 1.4rem;\">Courriel<\/span><\/p>\n<\/div>\n<div class=\"wp-block-group has-base-background-color has-background\" style=\"box-shadow: var(--wp--preset--shadow--close); padding: 2rem 3rem 2rem 3rem;\">\n<p><!-- \/wp:heading --><!-- wp:paragraph {\"style\":{\"typography\":{\"fontSize\":\"1.4rem\"}}} --><\/p>\n<p style=\"font-size: 1.4rem;\"><a href=\"mailto:info@vickymercier.com\" target=\"_blank\" rel=\"noreferrer noopener\">info@vickymercier.com<\/a><\/p>\n<p><!-- \/wp:paragraph --><\/p>\n<\/div>\n<p><!-- \/wp:group --><\/p>\n<\/div>\n<p><!-- \/wp:group --><\/p>\n<\/div>\n<p><!-- \/wp:group --><\/p>\n<\/div>\n<p><!-- \/wp:group --><!-- wp:group {\"align\":\"full\",\"style\":{\"spacing\":{\"padding\":{\"top\":\"4rem\",\"bottom\":\"8rem\"}}},\"backgroundColor\":\"base-3-light\",\"layout\":{\"type\":\"constrained\"}} --><\/p>\n<div class=\"wp-block-group alignfull has-base-3-light-background-color has-background\" style=\"padding-top: 4rem; padding-bottom: 8rem;\">\n<p><!-- wp:group {\"style\":{\"spacing\":{\"padding\":{\"top\":\"2rem\",\"bottom\":\"2rem\"}}},\"layout\":{\"type\":\"constrained\"}} --><\/p>\n<div class=\"wp-block-group\" style=\"padding-top: 2rem; padding-bottom: 2rem;\"><!-- wp:heading {\"textAlign\":\"center\"} --><\/div>\n<\/div>\n<div class=\"wp-block-cover alignfull is-light has-parallax\" style=\"min-height: 600px;\">\n<div class=\"wp-block-cover__image-background wp-image-84 size-large has-parallax\" style=\"background-position: 50% 50%; background-image: url('https:\/\/vickymercier.com\/wp-content\/uploads\/2025\/05\/IMG_5399-1-768x1024.jpg');\">\u00a0<\/div>\n<div class=\"wp-block-cover__inner-container\">\n<p><!-- wp:group {\"align\":\"wide\",\"layout\":{\"type\":\"constrained\",\"justifyContent\":\"center\"}} --><\/p>\n<div class=\"wp-block-group alignwide\">\n<p><!-- wp:pullquote {\"style\":{\"border\":{\"width\":\"2px\"},\"elements\":{\"link\":{\"color\":{\"text\":\"var:preset|color|contrast\"}}},\"spacing\":{\"padding\":{\"top\":\"4rem\",\"bottom\":\"3rem\",\"right\":\"2rem\",\"left\":\"2rem\"}}},\"backgroundColor\":\"base\",\"textColor\":\"contrast\",\"borderColor\":\"decorative-2\"} --><\/p>\n<figure class=\"wp-block-pullquote has-border-color has-decorative-2-border-color has-contrast-color has-base-background-color has-text-color has-background has-link-color\" style=\"border-width: 2px; padding: 4rem 2rem 3rem 2rem;\">\n<blockquote>\n<p>\u00ab\u00a0La mesure de ta libert\u00e9 int\u00e9rieure, <br \/>c&rsquo;est ta joie de vivre.\u201c<\/p>\n<p><cite>Marie-Jos\u00e9e Tardif<\/cite><\/p>\n<\/blockquote>\n<\/figure>\n<p><!-- \/wp:pullquote --><\/p>\n<\/div>\n<p><!-- \/wp:group --><\/p>\n<\/div>\n<\/div>\n<p><!-- \/wp:cover --><!-- wp:group {\"align\":\"full\",\"style\":{\"spacing\":{\"blockGap\":\"2rem\",\"padding\":{\"top\":\"8rem\",\"bottom\":\"10rem\"}}},\"backgroundColor\":\"base-3-light\",\"layout\":{\"type\":\"constrained\"}} --><\/p>\n<div class=\"wp-block-group alignfull has-base-3-light-background-color has-background\" style=\"padding-top: 8rem; padding-bottom: 10rem;\">\n<p><!-- wp:group {\"align\":\"wide\",\"style\":{\"spacing\":{\"padding\":{\"top\":\"2rem\",\"bottom\":\"2rem\"}}},\"layout\":{\"type\":\"constrained\"}} --><\/p>\n<div class=\"wp-block-group alignwide\" style=\"padding-top: 2rem; padding-bottom: 2rem;\">\n<p><!-- wp:heading {\"textAlign\":\"center\"} --><\/p>\n<h2 class=\"wp-block-heading has-text-align-center\">Projets inspirants \u00e0 venir<\/h2>\n<p><!-- \/wp:heading --><\/p>\n<\/div>\n<p><!-- \/wp:group --><!-- wp:group {\"align\":\"wide\",\"layout\":{\"type\":\"constrained\"}} --><\/p>\n<div class=\"wp-block-group alignwide\">\n<p><!-- wp:query {\"queryId\":4,\"query\":{\"perPage\":3,\"pages\":0,\"offset\":0,\"postType\":\"post\",\"order\":\"desc\",\"orderBy\":\"date\",\"author\":\"\",\"search\":\"\",\"exclude\":[],\"sticky\":\"\",\"inherit\":false},\"align\":\"wide\"} --><\/p>\n<div class=\"wp-block-query alignwide\">\n<p><!-- wp:post-template {\"style\":{\"spacing\":{\"blockGap\":\"2rem\"}},\"layout\":{\"type\":\"grid\",\"columnCount\":null,\"minimumColumnWidth\":\"20rem\"}} --><!-- wp:group {\"style\":{\"spacing\":{\"padding\":{\"top\":\"2rem\",\"bottom\":\"2rem\",\"left\":\"2rem\",\"right\":\"2rem\"}},\"shadow\":\"var:preset|shadow|close\"},\"backgroundColor\":\"base\",\"layout\":{\"type\":\"constrained\"}} --><\/p>\n<div class=\"wp-block-group has-base-background-color has-background\" style=\"box-shadow: var(--wp--preset--shadow--close); padding: 2rem;\">\n<p><!-- wp:group {\"style\":{\"spacing\":{\"blockGap\":\"0px\"}},\"layout\":{\"type\":\"constrained\"}} --><\/p>\n<div class=\"wp-block-group\"><!-- wp:post-title {\"level\":3,\"isLink\":true} \/--><!-- wp:post-date {\"isLink\":true} \/--><\/div>\n<p><!-- \/wp:group --><!-- wp:group {\"layout\":{\"type\":\"constrained\"}} --><\/p>\n<div class=\"wp-block-group\"><!-- wp:post-excerpt {\"excerptLength\":15} \/--><!-- wp:post-terms {\"term\":\"category\",\"separator\":\" \"} \/--><\/div>\n<p><!-- \/wp:group --><\/p>\n<\/div>\n<p><!-- \/wp:group --><!-- \/wp:post-template --><\/p>\n<\/div>\n<p><!-- \/wp:query --><\/p>\n<\/div>\n<p><!-- \/wp:group --><!-- wp:group {\"layout\":{\"type\":\"constrained\"}} --><\/p>\n<div class=\"wp-block-group\">\n<p><!-- wp:buttons {\"style\":{\"spacing\":{\"margin\":{\"top\":\"4rem\"}}},\"layout\":{\"type\":\"flex\",\"justifyContent\":\"center\"}} --><\/p>\n<div class=\"wp-block-buttons\" style=\"margin-top: 4rem;\">\n<p><!-- wp:button --><\/p>\n<div class=\"wp-block-button\"><a class=\"wp-block-button__link wp-element-button\">Blog<\/a><\/div>\n<p><!-- \/wp:button --><\/p>\n<\/div>\n<p><!-- \/wp:buttons --><\/p>\n<\/div>\n<p><!-- \/wp:group --><\/p>\n<\/div>\n<p><!-- \/wp:group --><\/p>\n<\/div>\n<p><!-- \/wp:group --><\/p>\t\t\t\t\t\t\t\t<\/div>\n\t\t\t\t<\/div>\n\t\t\t\t\t<\/div>\n\t\t\t\t<\/div>\n\t\t\t\t<\/div>\n\t\t","protected":false},"excerpt":{"rendered":"<p>Site en r\u00e9novation &#8230; \u00e0 votre service, bient\u00f4t \u00a0 \u00a0 \u00c0 propos de Vicky Mercier Cr\u00e9ative et form\u00e9e en psychologie, je me passionne pour l&rsquo;humain, son \u00e9volution et son bien-\u00eatre depuis plus de 20 ans. \u00c0 l&rsquo;\u00e9coute de vos besoins, je propose des solutions cr\u00e9atives pour remettre du sens dans votre quotidien et faire de [&hellip;]<\/p>\n","protected":false},"author":1,"featured_media":0,"parent":0,"menu_order":0,"comment_status":"closed","ping_status":"closed","template":"","meta":{"footnotes":""},"class_list":["post-80","page","type-page","status-publish","hentry"],"yoast_head":"<!-- This site is optimized with the Yoast SEO plugin v25.1 - https:\/\/yoast.com\/wordpress\/plugins\/seo\/ -->\n<title>Accueil - Vicky Mercier<\/title>\n<meta name=\"robots\" content=\"index, follow, max-snippet:-1, max-image-preview:large, max-video-preview:-1\" \/>\n<link rel=\"canonical\" href=\"https:\/\/vickymercier.com\/\" \/>\n<meta property=\"og:locale\" content=\"fr_FR\" \/>\n<meta property=\"og:type\" content=\"article\" \/>\n<meta property=\"og:title\" content=\"Accueil - Vicky Mercier\" \/>\n<meta property=\"og:description\" content=\"Site en r\u00e9novation &#8230; \u00e0 votre service, bient\u00f4t \u00a0 \u00a0 \u00c0 propos de Vicky Mercier Cr\u00e9ative et form\u00e9e en psychologie, je me passionne pour l&rsquo;humain, son \u00e9volution et son bien-\u00eatre depuis plus de 20 ans. \u00c0 l&rsquo;\u00e9coute de vos besoins, je propose des solutions cr\u00e9atives pour remettre du sens dans votre quotidien et faire de [&hellip;]\" \/>\n<meta property=\"og:url\" content=\"https:\/\/vickymercier.com\/\" \/>\n<meta property=\"og:site_name\" content=\"Vicky Mercier\" \/>\n<meta property=\"article:modified_time\" content=\"2025-09-01T17:27:19+00:00\" \/>\n<meta property=\"og:image\" content=\"https:\/\/vickymercier.com\/wp-content\/uploads\/2025\/09\/IDI_FR_Badge_Wide_1-1024x439.png\" \/>\n<meta name=\"twitter:card\" content=\"summary_large_image\" \/>\n<meta name=\"twitter:label1\" content=\"Dur\u00e9e de lecture estim\u00e9e\" \/>\n\t<meta name=\"twitter:data1\" content=\"1 minute\" \/>\n<script type=\"application\/ld+json\" class=\"yoast-schema-graph\">{\"@context\":\"https:\/\/schema.org\",\"@graph\":[{\"@type\":\"WebPage\",\"@id\":\"https:\/\/vickymercier.com\/\",\"url\":\"https:\/\/vickymercier.com\/\",\"name\":\"Accueil - Vicky Mercier\",\"isPartOf\":{\"@id\":\"https:\/\/vickymercier.com\/#website\"},\"primaryImageOfPage\":{\"@id\":\"https:\/\/vickymercier.com\/#primaryimage\"},\"image\":{\"@id\":\"https:\/\/vickymercier.com\/#primaryimage\"},\"thumbnailUrl\":\"https:\/\/vickymercier.com\/wp-content\/uploads\/2025\/09\/IDI_FR_Badge_Wide_1-1024x439.png\",\"datePublished\":\"2025-05-16T17:04:25+00:00\",\"dateModified\":\"2025-09-01T17:27:19+00:00\",\"breadcrumb\":{\"@id\":\"https:\/\/vickymercier.com\/#breadcrumb\"},\"inLanguage\":\"fr-FR\",\"potentialAction\":[{\"@type\":\"ReadAction\",\"target\":[\"https:\/\/vickymercier.com\/\"]}]},{\"@type\":\"ImageObject\",\"inLanguage\":\"fr-FR\",\"@id\":\"https:\/\/vickymercier.com\/#primaryimage\",\"url\":\"https:\/\/vickymercier.com\/wp-content\/uploads\/2025\/09\/IDI_FR_Badge_Wide_1.png\",\"contentUrl\":\"https:\/\/vickymercier.com\/wp-content\/uploads\/2025\/09\/IDI_FR_Badge_Wide_1.png\",\"width\":1458,\"height\":625},{\"@type\":\"BreadcrumbList\",\"@id\":\"https:\/\/vickymercier.com\/#breadcrumb\",\"itemListElement\":[{\"@type\":\"ListItem\",\"position\":1,\"name\":\"Accueil\",\"item\":\"https:\/\/vickymercier.com\/\"},{\"@type\":\"ListItem\",\"position\":2,\"name\":\"Accueil\"}]},{\"@type\":\"WebSite\",\"@id\":\"https:\/\/vickymercier.com\/#website\",\"url\":\"https:\/\/vickymercier.com\/\",\"name\":\"Vicky Mercier\",\"description\":\"La joie indique le chemin!\",\"publisher\":{\"@id\":\"https:\/\/vickymercier.com\/#organization\"},\"potentialAction\":[{\"@type\":\"SearchAction\",\"target\":{\"@type\":\"EntryPoint\",\"urlTemplate\":\"https:\/\/vickymercier.com\/?s={search_term_string}\"},\"query-input\":{\"@type\":\"PropertyValueSpecification\",\"valueRequired\":true,\"valueName\":\"search_term_string\"}}],\"inLanguage\":\"fr-FR\"},{\"@type\":\"Organization\",\"@id\":\"https:\/\/vickymercier.com\/#organization\",\"name\":\"Vicky Mercier\",\"url\":\"https:\/\/vickymercier.com\/\",\"logo\":{\"@type\":\"ImageObject\",\"inLanguage\":\"fr-FR\",\"@id\":\"https:\/\/vickymercier.com\/#\/schema\/logo\/image\/\",\"url\":\"https:\/\/vickymercier.com\/wp-content\/uploads\/2025\/01\/Vicky-Mercier-2024.jpg\",\"contentUrl\":\"https:\/\/vickymercier.com\/wp-content\/uploads\/2025\/01\/Vicky-Mercier-2024.jpg\",\"width\":800,\"height\":800,\"caption\":\"Vicky Mercier\"},\"image\":{\"@id\":\"https:\/\/vickymercier.com\/#\/schema\/logo\/image\/\"}}]}<\/script>\n<!-- \/ Yoast SEO plugin. -->","yoast_head_json":{"title":"Accueil - Vicky Mercier","robots":{"index":"index","follow":"follow","max-snippet":"max-snippet:-1","max-image-preview":"max-image-preview:large","max-video-preview":"max-video-preview:-1"},"canonical":"https:\/\/vickymercier.com\/","og_locale":"fr_FR","og_type":"article","og_title":"Accueil - Vicky Mercier","og_description":"Site en r\u00e9novation &#8230; \u00e0 votre service, bient\u00f4t \u00a0 \u00a0 \u00c0 propos de Vicky Mercier Cr\u00e9ative et form\u00e9e en psychologie, je me passionne pour l&rsquo;humain, son \u00e9volution et son bien-\u00eatre depuis plus de 20 ans. \u00c0 l&rsquo;\u00e9coute de vos besoins, je propose des solutions cr\u00e9atives pour remettre du sens dans votre quotidien et faire de [&hellip;]","og_url":"https:\/\/vickymercier.com\/","og_site_name":"Vicky Mercier","article_modified_time":"2025-09-01T17:27:19+00:00","og_image":[{"url":"https:\/\/vickymercier.com\/wp-content\/uploads\/2025\/09\/IDI_FR_Badge_Wide_1-1024x439.png","type":"","width":"","height":""}],"twitter_card":"summary_large_image","twitter_misc":{"Dur\u00e9e de lecture estim\u00e9e":"1 minute"},"schema":{"@context":"https:\/\/schema.org","@graph":[{"@type":"WebPage","@id":"https:\/\/vickymercier.com\/","url":"https:\/\/vickymercier.com\/","name":"Accueil - Vicky Mercier","isPartOf":{"@id":"https:\/\/vickymercier.com\/#website"},"primaryImageOfPage":{"@id":"https:\/\/vickymercier.com\/#primaryimage"},"image":{"@id":"https:\/\/vickymercier.com\/#primaryimage"},"thumbnailUrl":"https:\/\/vickymercier.com\/wp-content\/uploads\/2025\/09\/IDI_FR_Badge_Wide_1-1024x439.png","datePublished":"2025-05-16T17:04:25+00:00","dateModified":"2025-09-01T17:27:19+00:00","breadcrumb":{"@id":"https:\/\/vickymercier.com\/#breadcrumb"},"inLanguage":"fr-FR","potentialAction":[{"@type":"ReadAction","target":["https:\/\/vickymercier.com\/"]}]},{"@type":"ImageObject","inLanguage":"fr-FR","@id":"https:\/\/vickymercier.com\/#primaryimage","url":"https:\/\/vickymercier.com\/wp-content\/uploads\/2025\/09\/IDI_FR_Badge_Wide_1.png","contentUrl":"https:\/\/vickymercier.com\/wp-content\/uploads\/2025\/09\/IDI_FR_Badge_Wide_1.png","width":1458,"height":625},{"@type":"BreadcrumbList","@id":"https:\/\/vickymercier.com\/#breadcrumb","itemListElement":[{"@type":"ListItem","position":1,"name":"Accueil","item":"https:\/\/vickymercier.com\/"},{"@type":"ListItem","position":2,"name":"Accueil"}]},{"@type":"WebSite","@id":"https:\/\/vickymercier.com\/#website","url":"https:\/\/vickymercier.com\/","name":"Vicky Mercier","description":"La joie indique le chemin!","publisher":{"@id":"https:\/\/vickymercier.com\/#organization"},"potentialAction":[{"@type":"SearchAction","target":{"@type":"EntryPoint","urlTemplate":"https:\/\/vickymercier.com\/?s={search_term_string}"},"query-input":{"@type":"PropertyValueSpecification","valueRequired":true,"valueName":"search_term_string"}}],"inLanguage":"fr-FR"},{"@type":"Organization","@id":"https:\/\/vickymercier.com\/#organization","name":"Vicky Mercier","url":"https:\/\/vickymercier.com\/","logo":{"@type":"ImageObject","inLanguage":"fr-FR","@id":"https:\/\/vickymercier.com\/#\/schema\/logo\/image\/","url":"https:\/\/vickymercier.com\/wp-content\/uploads\/2025\/01\/Vicky-Mercier-2024.jpg","contentUrl":"https:\/\/vickymercier.com\/wp-content\/uploads\/2025\/01\/Vicky-Mercier-2024.jpg","width":800,"height":800,"caption":"Vicky Mercier"},"image":{"@id":"https:\/\/vickymercier.com\/#\/schema\/logo\/image\/"}}]}},"_links":{"self":[{"href":"https:\/\/vickymercier.com\/index.php\/wp-json\/wp\/v2\/pages\/80","targetHints":{"allow":["GET"]}}],"collection":[{"href":"https:\/\/vickymercier.com\/index.php\/wp-json\/wp\/v2\/pages"}],"about":[{"href":"https:\/\/vickymercier.com\/index.php\/wp-json\/wp\/v2\/types\/page"}],"author":[{"embeddable":true,"href":"https:\/\/vickymercier.com\/index.php\/wp-json\/wp\/v2\/users\/1"}],"replies":[{"embeddable":true,"href":"https:\/\/vickymercier.com\/index.php\/wp-json\/wp\/v2\/comments?post=80"}],"version-history":[{"count":28,"href":"https:\/\/vickymercier.com\/index.php\/wp-json\/wp\/v2\/pages\/80\/revisions"}],"predecessor-version":[{"id":162,"href":"https:\/\/vickymercier.com\/index.php\/wp-json\/wp\/v2\/pages\/80\/revisions\/162"}],"wp:attachment":[{"href":"https:\/\/vickymercier.com\/index.php\/wp-json\/wp\/v2\/media?parent=80"}],"curies":[{"name":"wp","href":"https:\/\/api.w.org\/{rel}","templated":true}]}}